{"id":10,"date":"2021-03-28T23:04:48","date_gmt":"2021-03-28T21:04:48","guid":{"rendered":"https:\/\/balatona.com\/?page_id=10"},"modified":"2021-05-08T23:27:40","modified_gmt":"2021-05-08T21:27:40","slug":"lunivers-du-balafon-bantou","status":"publish","type":"page","link":"https:\/\/balatona.com\/index.php\/lunivers-du-balafon-bantou\/","title":{"rendered":"L&rsquo;UNIVERS DU BALAFON BANTOU"},"content":{"rendered":"\t\t<div data-elementor-type=\"wp-page\" data-elementor-id=\"10\" class=\"elementor elementor-10\">\n\t\t\t\t\t\t\t\t\t<section class=\"elementor-section elementor-top-section elementor-element elementor-element-7643066 elementor-section-boxed elementor-section-height-default elementor-section-height-default\" data-id=\"7643066\" data-element_type=\"section\">\n\t\t\t\t\t\t<div class=\"elementor-container elementor-column-gap-default\">\n\t\t\t\t\t<div class=\"elementor-column elementor-col-100 elementor-top-column elementor-element elementor-element-f34a491\" data-id=\"f34a491\" data-element_type=\"column\">\n\t\t\t<div class=\"elementor-widget-wrap elementor-element-populated\">\n\t\t\t\t\t\t\t\t<div class=\"elementor-element elementor-element-28a9ee6a elementor-widget elementor-widget-text-editor\" data-id=\"28a9ee6a\" data-element_type=\"widget\" data-widget_type=\"text-editor.default\">\n\t\t\t\t<div class=\"elementor-widget-container\">\n\t\t\t\t\t\t\t<!-- wp:paragraph -->\n<p>Le Balafon Bantou est visuellement diff\u00e9rent du Balafon Manding, bien que la sonorit\u00e9 reste la m\u00eame. Ci-dessous ces diff\u00e9rentes vari\u00e9t\u00e9s.<\/p>\n<!-- \/wp:paragraph -->\n\n<!-- wp:image {\"id\":23,\"height\":300,\"sizeSlug\":\"medium\",\"linkDestination\":\"none\",\"className\":\"is-style-default\"} -->\n<figure class=\"wp-block-image size-medium is-resized is-style-default\"><img decoding=\"async\" src=\"https:\/\/balatona.com\/wp-content\/uploads\/2021\/03\/20210310_141707113-1-edited-2-270x300.jpg\" alt=\"Le Balafon Principal ( Balafon Solo ) \nModel portatif.\" class=\"wp-image-23\" height=\"300\" srcset=\"https:\/\/balatona.com\/wp-content\/uploads\/2021\/03\/20210310_141707113-1-edited-2-270x300.jpg 270w, https:\/\/balatona.com\/wp-content\/uploads\/2021\/03\/20210310_141707113-1-edited-2-922x1024.jpg 922w, https:\/\/balatona.com\/wp-content\/uploads\/2021\/03\/20210310_141707113-1-edited-2-768x853.jpg 768w, https:\/\/balatona.com\/wp-content\/uploads\/2021\/03\/20210310_141707113-1-edited-2-1382x1536.jpg 1382w, https:\/\/balatona.com\/wp-content\/uploads\/2021\/03\/20210310_141707113-1-edited-2-1843x2048.jpg 1843w\" sizes=\"(max-width: 270px) 100vw, 270px\" \/><\/figure>\n<!-- \/wp:image -->\n\n<!-- wp:image {\"id\":31,\"sizeSlug\":\"medium\",\"linkDestination\":\"none\",\"className\":\"is-style-rounded\"} -->\n<figure class=\"wp-block-image size-medium is-style-rounded\"><img fetchpriority=\"high\" decoding=\"async\" width=\"225\" height=\"300\" src=\"https:\/\/balatona.com\/wp-content\/uploads\/2021\/03\/Trio-de-Balafon-2-Solo-Accom-Bass-225x300.jpg\" alt=\"L'orchestre de balafon le plus petit au pays Bantou compos\u00e9 de:\n- Un Solo\n- Un Accompagnement\n- Un bala Basse\" class=\"wp-image-31\" srcset=\"https:\/\/balatona.com\/wp-content\/uploads\/2021\/03\/Trio-de-Balafon-2-Solo-Accom-Bass-225x300.jpg 225w, https:\/\/balatona.com\/wp-content\/uploads\/2021\/03\/Trio-de-Balafon-2-Solo-Accom-Bass-768x1024.jpg 768w, https:\/\/balatona.com\/wp-content\/uploads\/2021\/03\/Trio-de-Balafon-2-Solo-Accom-Bass-1152x1536.jpg 1152w, https:\/\/balatona.com\/wp-content\/uploads\/2021\/03\/Trio-de-Balafon-2-Solo-Accom-Bass-1536x2048.jpg 1536w, https:\/\/balatona.com\/wp-content\/uploads\/2021\/03\/Trio-de-Balafon-2-Solo-Accom-Bass-scaled.jpg 1920w\" sizes=\"(max-width: 225px) 100vw, 225px\" \/><\/figure>\n<!-- \/wp:image -->\n\n<!-- wp:paragraph -->\n<p>Ci-dessus, un orchestre (le plus simple) de balafon compos\u00e9 de:<\/p>\n<!-- \/wp:paragraph -->\n\n<!-- wp:list -->\n<ul><li>Un balafon  Solo;<\/li><li>Un balafon Rythmique (Accompagnement)<\/li><li>Un balafon Bass<\/li><li> On peut rencontrer des orchestres \u00e0 plusieurs balafons \u00e9toffant l&rsquo;orchestre simple avec, un deuxi\u00e8me Accompagnement, une demi-bass, et un super solo, notamment dans les orchestres des chorales.<\/li><\/ul>\n<!-- \/wp:list -->\n\n<!-- wp:heading {\"fontSize\":\"medium\"} -->\n<h2 class=\"has-medium-font-size\">ROLE DES ELEMENTS CONSTITUENT LE BALAFON BANTOU<\/h2>\n<!-- \/wp:heading -->\t\t\t\t\t\t<\/div>\n\t\t\t\t<\/div>\n\t\t\t\t<div class=\"elementor-element elementor-element-7f1f652 elementor-widget elementor-widget-text-editor\" data-id=\"7f1f652\" data-element_type=\"widget\" data-widget_type=\"text-editor.default\">\n\t\t\t\t<div class=\"elementor-widget-container\">\n\t\t\t\t\t\t\t<p>Le balafon bantou est constituer des lattes en bois (Padouck ou Mb\u00e9a) qui produisent le Son de chaque note lorsqu&rsquo;elles sont frapp\u00e9es avec les baguettes par le joueur. Les notes sont obtenu par la sculpture de chaque latte selon les r\u00e8gles de l&rsquo;art par le fabriquant. Leur caract\u00e9ristiques (longueur, largeur, \u00e9paisseur, idiophone, et leur nombre) d\u00e9pendent de la place qu&rsquo;elles occupent sur le type de balafon (Solo, Accompagnement, Bass&#8230;)<\/p>\n<p>Les notes son pos\u00e9es sur un ch\u00e2ssis en bois (pin) habill\u00e9 au point de contact par de la mousse synth\u00e9tique ou du tissu en laine pour \u00e9viter le contact avec le ch\u00e2ssis.\u00a0<\/p>\n<p>Le son des notes est amplifi\u00e9 par les calebasses correspondantes fix\u00e9es sur le ch\u00e2ssis avec des vis m\u00e9talliques et des fils de m\u00e9tal qui traversent les calebasses ou celles-ci sont fix\u00e9es sur le c\u0153ur du bambou qui entoure les calebasses (pour leur stabilit\u00e9) et qui est solidaire au ch\u00e2ssis. La couleur particuli\u00e8re du son du balafon par rapport au vibraphone et autre marimba est donn\u00e9e par la membrane en papier tabac (autres-fois en toile d&rsquo;araign\u00e9e)qui recouvre le trou pratiqu\u00e9 sur la calebasse.<\/p>\n<p>Un support en rotin\u00a0 solidaire au ch\u00e2ssis sert pour le transport de l&rsquo;instrument. Associer avec une bandouli\u00e8re, ces deux \u00e9l\u00e9ments sont d\u00e9terminent pour l&rsquo;utilisation de l&rsquo;instrument en mode assis ou en mode debout\/ (carnaval) pour le balafon dit \u00ab\u00a0portatif\u00a0\u00bb, car il existe un autre model de balafon \u00ab\u00a0stable\u00a0\u00bb tr\u00e8s utiliser dans les chorales au Cameroun qui n&rsquo;a pas ces deux derniers \u00e9l\u00e9ments. Le clavier est mis dans une caisse qu&rsquo;on ouvre au dessus pour permettre l&rsquo;utilisation. Pour ce mod\u00e8le, les calebasses sont solidaires \u00e0 la caisse et non au ch\u00e2ssis du clavier en g\u00e9n\u00e9ral. L&rsquo;assemblage des notes sur le ch\u00e2ssis se fait \u00e0 l&rsquo;aide de la ficelle en coton et en nylon<\/p>\t\t\t\t\t\t<\/div>\n\t\t\t\t<\/div>\n\t\t\t\t<div class=\"elementor-element elementor-element-d938ffe elementor-widget elementor-widget-text-editor\" data-id=\"d938ffe\" data-element_type=\"widget\" data-widget_type=\"text-editor.default\">\n\t\t\t\t<div class=\"elementor-widget-container\">\n\t\t\t\t\t\t\t\t\t\t\t\t\t<\/div>\n\t\t\t\t<\/div>\n\t\t\t\t\t<\/div>\n\t\t<\/div>\n\t\t\t\t\t\t\t<\/div>\n\t\t<\/section>\n\t\t\t\t\t\t\t<\/div>\n\t\t","protected":false},"excerpt":{"rendered":"<p>Le Balafon Bantou est visuellement diff\u00e9rent du Balafon Manding, bien que la sonorit\u00e9 reste la m\u00eame. Ci-dessous ces diff\u00e9rentes vari\u00e9t\u00e9s. Ci-dessus, un orchestre (le plus simple) de balafon compos\u00e9 de: Un balafon Solo; Un balafon Rythmique (Accompagnement) Un balafon Bass On peut rencontrer des orchestres \u00e0 plusieurs balafons \u00e9toffant l&rsquo;orchestre simple avec, un deuxi\u00e8me Accompagnement, [&hellip;]<\/p>\n","protected":false},"author":1,"featured_media":0,"parent":0,"menu_order":0,"comment_status":"closed","ping_status":"closed","template":"","meta":{"footnotes":""},"class_list":["post-10","page","type-page","status-publish","hentry","entry"],"_links":{"self":[{"href":"https:\/\/balatona.com\/index.php\/wp-json\/wp\/v2\/pages\/10","targetHints":{"allow":["GET"]}}],"collection":[{"href":"https:\/\/balatona.com\/index.php\/wp-json\/wp\/v2\/pages"}],"about":[{"href":"https:\/\/balatona.com\/index.php\/wp-json\/wp\/v2\/types\/page"}],"author":[{"embeddable":true,"href":"https:\/\/balatona.com\/index.php\/wp-json\/wp\/v2\/users\/1"}],"replies":[{"embeddable":true,"href":"https:\/\/balatona.com\/index.php\/wp-json\/wp\/v2\/comments?post=10"}],"version-history":[{"count":15,"href":"https:\/\/balatona.com\/index.php\/wp-json\/wp\/v2\/pages\/10\/revisions"}],"predecessor-version":[{"id":98,"href":"https:\/\/balatona.com\/index.php\/wp-json\/wp\/v2\/pages\/10\/revisions\/98"}],"wp:attachment":[{"href":"https:\/\/balatona.com\/index.php\/wp-json\/wp\/v2\/media?parent=10"}],"curies":[{"name":"wp","href":"https:\/\/api.w.org\/{rel}","templated":true}]}}